{"id":199,"date":"2022-03-19T02:36:02","date_gmt":"2022-03-18T23:36:02","guid":{"rendered":"https:\/\/egedogusvitrifiye.com\/?post_type=product&#038;p=199"},"modified":"2025-10-13T14:01:29","modified_gmt":"2025-10-13T11:01:29","slug":"ege-dogus-cevre-yikama-hela-tasi","status":"publish","type":"product","link":"https:\/\/egedogusvitrifiye.com\/?product=ege-dogus-cevre-yikama-hela-tasi","title":{"rendered":"Ege Do\u011fu\u015f \u00c7evre Yikama Hela Ta\u015f\u0131"},"content":{"rendered":"<p>TOPTAN SATI\u015e \u0130\u00c7\u0130N\u00a0F\u0130RMAMIZI\u00a0ARAYINIZ<\/p>\n<p><b>T\u00dcM \u00dcR\u00dcNLER\u0130M\u0130Z SIFIR TOPTAN F\u0130YATINA\u00a0<\/b><\/p>\n","protected":false},"excerpt":{"rendered":"<p>TOPTAN SATI\u015e \u0130\u00c7\u0130N\u00a0F\u0130RMAMIZI\u00a0ARAYINIZ T\u00dcM \u00dcR\u00dcNLER\u0130M\u0130Z SIFIR TOPTAN F\u0130YATINA\u00a0<\/p>\n","protected":false},"featured_media":202,"comment_status":"open","ping_status":"closed","template":"","meta":[],"product_cat":[55],"product_tag":[53,54],"_links":{"self":[{"href":"https:\/\/egedogusvitrifiye.com\/index.php?rest_route=\/wp\/v2\/product\/199"}],"collection":[{"href":"https:\/\/egedogusvitrifiye.com\/index.php?rest_route=\/wp\/v2\/product"}],"about":[{"href":"https:\/\/egedogusvitrifiye.com\/index.php?rest_route=\/wp\/v2\/types\/product"}],"replies":[{"embeddable":true,"href":"https:\/\/egedogusvitrifiye.com\/index.php?rest_route=%2Fwp%2Fv2%2Fcomments&post=199"}],"wp:featuredmedia":[{"embeddable":true,"href":"https:\/\/egedogusvitrifiye.com\/index.php?rest_route=\/wp\/v2\/media\/202"}],"wp:attachment":[{"href":"https:\/\/egedogusvitrifiye.com\/index.php?rest_route=%2Fwp%2Fv2%2Fmedia&parent=199"}],"wp:term":[{"taxonomy":"product_cat","embeddable":true,"href":"https:\/\/egedogusvitrifiye.com\/index.php?rest_route=%2Fwp%2Fv2%2Fproduct_cat&post=199"},{"taxonomy":"product_tag","embeddable":true,"href":"https:\/\/egedogusvitrifiye.com\/index.php?rest_route=%2Fwp%2Fv2%2Fproduct_tag&post=199"}],"curies":[{"name":"wp","href":"https:\/\/api.w.org\/{rel}","templated":true}]}}