{"id":193,"date":"2022-03-19T02:33:45","date_gmt":"2022-03-18T23:33:45","guid":{"rendered":"https:\/\/egedogusvitrifiye.com\/?post_type=product&#038;p=193"},"modified":"2025-10-13T14:02:55","modified_gmt":"2025-10-13T11:02:55","slug":"ege-seramik-tyana-compact-set-kapaksiz","status":"publish","type":"product","link":"https:\/\/egedogusvitrifiye.com\/?product=ege-seramik-tyana-compact-set-kapaksiz","title":{"rendered":"Ege Seramik Tyana Compact SET Kapaks\u0131z"},"content":{"rendered":"<p>MOB\u0130LYA UYUMLU KLOZET<\/p>\n<p>TOPTAN SATI\u015e \u0130\u00c7\u0130N\u00a0F\u0130RMAMIZI\u00a0ARAYINIZ<\/p>\n<p><b>T\u00dcM \u00dcR\u00dcNLER\u0130M\u0130Z SIFIR TOPTAN F\u0130YATINA<\/b><\/p>\n","protected":false},"excerpt":{"rendered":"<p>MOB\u0130LYA UYUMLU KLOZET TOPTAN SATI\u015e \u0130\u00c7\u0130N\u00a0F\u0130RMAMIZI\u00a0ARAYINIZ T\u00dcM \u00dcR\u00dcNLER\u0130M\u0130Z SIFIR TOPTAN F\u0130YATINA<\/p>\n","protected":false},"featured_media":197,"comment_status":"open","ping_status":"closed","template":"","meta":[],"product_cat":[30],"product_tag":[52,44,51],"_links":{"self":[{"href":"https:\/\/egedogusvitrifiye.com\/index.php?rest_route=\/wp\/v2\/product\/193"}],"collection":[{"href":"https:\/\/egedogusvitrifiye.com\/index.php?rest_route=\/wp\/v2\/product"}],"about":[{"href":"https:\/\/egedogusvitrifiye.com\/index.php?rest_route=\/wp\/v2\/types\/product"}],"replies":[{"embeddable":true,"href":"https:\/\/egedogusvitrifiye.com\/index.php?rest_route=%2Fwp%2Fv2%2Fcomments&post=193"}],"wp:featuredmedia":[{"embeddable":true,"href":"https:\/\/egedogusvitrifiye.com\/index.php?rest_route=\/wp\/v2\/media\/197"}],"wp:attachment":[{"href":"https:\/\/egedogusvitrifiye.com\/index.php?rest_route=%2Fwp%2Fv2%2Fmedia&parent=193"}],"wp:term":[{"taxonomy":"product_cat","embeddable":true,"href":"https:\/\/egedogusvitrifiye.com\/index.php?rest_route=%2Fwp%2Fv2%2Fproduct_cat&post=193"},{"taxonomy":"product_tag","embeddable":true,"href":"https:\/\/egedogusvitrifiye.com\/index.php?rest_route=%2Fwp%2Fv2%2Fproduct_tag&post=193"}],"curies":[{"name":"wp","href":"https:\/\/api.w.org\/{rel}","templated":true}]}}