{"id":182,"date":"2022-03-19T02:21:03","date_gmt":"2022-03-18T23:21:03","guid":{"rendered":"https:\/\/egedogusvitrifiye.com\/?post_type=product&#038;p=182"},"modified":"2025-07-05T17:47:32","modified_gmt":"2025-07-05T14:47:32","slug":"ege-seramik-mobilya-uyumlu-lavabo","status":"publish","type":"product","link":"https:\/\/egedogusvitrifiye.com\/?product=ege-seramik-mobilya-uyumlu-lavabo","title":{"rendered":"Ege Seramik Mobilya Uyumlu Lavabo"},"content":{"rendered":"<p><b>EGE SERAM\u0130K\u00a0MOB\u0130LYA UYUMLU LAVABO<\/b><\/p>\n<p>TOPTAN SATI\u015e \u0130\u00c7\u0130N\u00a0F\u0130RMAMIZI\u00a0ARAYINIZ<\/p>\n<p><b>T\u00dcM \u00dcR\u00dcNLER\u0130M\u0130Z SIFIR TOPTAN F\u0130YATINA\u00a0<\/b><\/p>\n","protected":false},"excerpt":{"rendered":"<p>EGE SERAM\u0130K\u00a0MOB\u0130LYA UYUMLU LAVABO TOPTAN SATI\u015e \u0130\u00c7\u0130N\u00a0F\u0130RMAMIZI\u00a0ARAYINIZ T\u00dcM \u00dcR\u00dcNLER\u0130M\u0130Z SIFIR TOPTAN F\u0130YATINA\u00a0<\/p>\n","protected":false},"featured_media":183,"comment_status":"open","ping_status":"closed","template":"","meta":[],"product_cat":[22],"product_tag":[44,45],"_links":{"self":[{"href":"https:\/\/egedogusvitrifiye.com\/index.php?rest_route=\/wp\/v2\/product\/182"}],"collection":[{"href":"https:\/\/egedogusvitrifiye.com\/index.php?rest_route=\/wp\/v2\/product"}],"about":[{"href":"https:\/\/egedogusvitrifiye.com\/index.php?rest_route=\/wp\/v2\/types\/product"}],"replies":[{"embeddable":true,"href":"https:\/\/egedogusvitrifiye.com\/index.php?rest_route=%2Fwp%2Fv2%2Fcomments&post=182"}],"wp:featuredmedia":[{"embeddable":true,"href":"https:\/\/egedogusvitrifiye.com\/index.php?rest_route=\/wp\/v2\/media\/183"}],"wp:attachment":[{"href":"https:\/\/egedogusvitrifiye.com\/index.php?rest_route=%2Fwp%2Fv2%2Fmedia&parent=182"}],"wp:term":[{"taxonomy":"product_cat","embeddable":true,"href":"https:\/\/egedogusvitrifiye.com\/index.php?rest_route=%2Fwp%2Fv2%2Fproduct_cat&post=182"},{"taxonomy":"product_tag","embeddable":true,"href":"https:\/\/egedogusvitrifiye.com\/index.php?rest_route=%2Fwp%2Fv2%2Fproduct_tag&post=182"}],"curies":[{"name":"wp","href":"https:\/\/api.w.org\/{rel}","templated":true}]}}