{"id":171,"date":"2022-03-19T02:08:47","date_gmt":"2022-03-18T23:08:47","guid":{"rendered":"https:\/\/egedogusvitrifiye.com\/?post_type=product&#038;p=171"},"modified":"2025-10-13T14:03:26","modified_gmt":"2025-10-13T11:03:26","slug":"kale-lavabo-tasi","status":"publish","type":"product","link":"https:\/\/egedogusvitrifiye.com\/?product=kale-lavabo-tasi","title":{"rendered":"Kale Lavabo Ta\u015f\u0131"},"content":{"rendered":"<p><b>KALE MARKA MOB\u0130LYA UYUMLU\u00a0 LAVABO TA\u015eI<\/b><\/p>\n<p>TOPTAN SATI\u015e \u0130\u00c7\u0130N\u00a0F\u0130RMAMIZI\u00a0ARAYINIZ<\/p>\n<p><b>T\u00dcM \u00dcR\u00dcNLER\u0130M\u0130Z SIFIR TOPTAN F\u0130YATINA\u00a0<\/b><\/p>\n","protected":false},"excerpt":{"rendered":"<p>KALE MARKA MOB\u0130LYA UYUMLU\u00a0 LAVABO TA\u015eI TOPTAN SATI\u015e \u0130\u00c7\u0130N\u00a0F\u0130RMAMIZI\u00a0ARAYINIZ T\u00dcM \u00dcR\u00dcNLER\u0130M\u0130Z SIFIR TOPTAN F\u0130YATINA\u00a0<\/p>\n","protected":false},"featured_media":173,"comment_status":"open","ping_status":"closed","template":"","meta":[],"product_cat":[22],"product_tag":[42,34],"_links":{"self":[{"href":"https:\/\/egedogusvitrifiye.com\/index.php?rest_route=\/wp\/v2\/product\/171"}],"collection":[{"href":"https:\/\/egedogusvitrifiye.com\/index.php?rest_route=\/wp\/v2\/product"}],"about":[{"href":"https:\/\/egedogusvitrifiye.com\/index.php?rest_route=\/wp\/v2\/types\/product"}],"replies":[{"embeddable":true,"href":"https:\/\/egedogusvitrifiye.com\/index.php?rest_route=%2Fwp%2Fv2%2Fcomments&post=171"}],"wp:featuredmedia":[{"embeddable":true,"href":"https:\/\/egedogusvitrifiye.com\/index.php?rest_route=\/wp\/v2\/media\/173"}],"wp:attachment":[{"href":"https:\/\/egedogusvitrifiye.com\/index.php?rest_route=%2Fwp%2Fv2%2Fmedia&parent=171"}],"wp:term":[{"taxonomy":"product_cat","embeddable":true,"href":"https:\/\/egedogusvitrifiye.com\/index.php?rest_route=%2Fwp%2Fv2%2Fproduct_cat&post=171"},{"taxonomy":"product_tag","embeddable":true,"href":"https:\/\/egedogusvitrifiye.com\/index.php?rest_route=%2Fwp%2Fv2%2Fproduct_tag&post=171"}],"curies":[{"name":"wp","href":"https:\/\/api.w.org\/{rel}","templated":true}]}}