{"id":168,"date":"2022-03-19T02:02:44","date_gmt":"2022-03-18T23:02:44","guid":{"rendered":"https:\/\/egedogusvitrifiye.com\/?post_type=product&#038;p=168"},"modified":"2022-03-19T02:02:44","modified_gmt":"2022-03-18T23:02:44","slug":"pisuvar-ara-bolme-tasi","status":"publish","type":"product","link":"https:\/\/egedogusvitrifiye.com\/?product=pisuvar-ara-bolme-tasi","title":{"rendered":"Pisuvar Ara B\u00f6lme Ta\u015f\u0131"},"content":{"rendered":"<p><b>P\u0130SUVAR B\u00d6LME TA\u015eI<\/b><\/p>\n<p>TOPTAN SATI\u015e \u0130\u00c7\u0130N\u00a0F\u0130RMAMIZI\u00a0ARAYINIZ<\/p>\n<p><b>T\u00dcM \u00dcR\u00dcNLER\u0130M\u0130Z SIFIR TOPTAN F\u0130YATINA\u00a0<\/b><\/p>\n","protected":false},"excerpt":{"rendered":"<p>P\u0130SUVAR B\u00d6LME TA\u015eI TOPTAN SATI\u015e \u0130\u00c7\u0130N\u00a0F\u0130RMAMIZI\u00a0ARAYINIZ T\u00dcM \u00dcR\u00dcNLER\u0130M\u0130Z SIFIR TOPTAN F\u0130YATINA\u00a0<\/p>\n","protected":false},"featured_media":169,"comment_status":"open","ping_status":"closed","template":"","meta":[],"product_cat":[39],"product_tag":[41,40],"_links":{"self":[{"href":"https:\/\/egedogusvitrifiye.com\/index.php?rest_route=\/wp\/v2\/product\/168"}],"collection":[{"href":"https:\/\/egedogusvitrifiye.com\/index.php?rest_route=\/wp\/v2\/product"}],"about":[{"href":"https:\/\/egedogusvitrifiye.com\/index.php?rest_route=\/wp\/v2\/types\/product"}],"replies":[{"embeddable":true,"href":"https:\/\/egedogusvitrifiye.com\/index.php?rest_route=%2Fwp%2Fv2%2Fcomments&post=168"}],"wp:featuredmedia":[{"embeddable":true,"href":"https:\/\/egedogusvitrifiye.com\/index.php?rest_route=\/wp\/v2\/media\/169"}],"wp:attachment":[{"href":"https:\/\/egedogusvitrifiye.com\/index.php?rest_route=%2Fwp%2Fv2%2Fmedia&parent=168"}],"wp:term":[{"taxonomy":"product_cat","embeddable":true,"href":"https:\/\/egedogusvitrifiye.com\/index.php?rest_route=%2Fwp%2Fv2%2Fproduct_cat&post=168"},{"taxonomy":"product_tag","embeddable":true,"href":"https:\/\/egedogusvitrifiye.com\/index.php?rest_route=%2Fwp%2Fv2%2Fproduct_tag&post=168"}],"curies":[{"name":"wp","href":"https:\/\/api.w.org\/{rel}","templated":true}]}}