{"id":150,"date":"2022-03-19T01:38:21","date_gmt":"2022-03-18T22:38:21","guid":{"rendered":"https:\/\/egedogusvitrifiye.com\/?post_type=product&#038;p=150"},"modified":"2025-01-18T02:25:27","modified_gmt":"2025-01-17T23:25:27","slug":"minika-ince-slim-lavabo-tasi","status":"publish","type":"product","link":"https:\/\/egedogusvitrifiye.com\/?product=minika-ince-slim-lavabo-tasi","title":{"rendered":"Minika \u0130nce Slim Lavabo Ta\u015f\u0131"},"content":{"rendered":"<p><b>T\u00dcM \u00dcR\u00dcNLER\u0130M\u0130Z SIFIR TOPTAN F\u0130YATINA<\/b><\/p>\n<p>MOB\u0130LYA UYUMLU \u0130NCE LAVABO<\/p>\n<p>25*45 \u00d6L\u00c7\u00dcLER\u0130NDE<\/p>\n<p>TOPTAN SATI\u015e \u0130\u00c7\u0130N F\u0130RMAMIZI ARAYINIZ<\/p>\n<p><a href=\"https:\/\/dogusvitrifiye.sahibinden.com\/\" rel=\"nofollow\"><b>SANAL MA\u011eAZA \u0130\u00c7\u0130N TIKLAYINIZ<\/b><\/a><\/p>\n","protected":false},"excerpt":{"rendered":"<p>T\u00dcM \u00dcR\u00dcNLER\u0130M\u0130Z SIFIR TOPTAN F\u0130YATINA MOB\u0130LYA UYUMLU \u0130NCE LAVABO 25*45 \u00d6L\u00c7\u00dcLER\u0130NDE TOPTAN SATI\u015e \u0130\u00c7\u0130N F\u0130RMAMIZI ARAYINIZ SANAL MA\u011eAZA \u0130\u00c7\u0130N TIKLAYINIZ<\/p>\n","protected":false},"featured_media":156,"comment_status":"open","ping_status":"closed","template":"","meta":[],"product_cat":[22],"product_tag":[34,33],"_links":{"self":[{"href":"https:\/\/egedogusvitrifiye.com\/index.php?rest_route=\/wp\/v2\/product\/150"}],"collection":[{"href":"https:\/\/egedogusvitrifiye.com\/index.php?rest_route=\/wp\/v2\/product"}],"about":[{"href":"https:\/\/egedogusvitrifiye.com\/index.php?rest_route=\/wp\/v2\/types\/product"}],"replies":[{"embeddable":true,"href":"https:\/\/egedogusvitrifiye.com\/index.php?rest_route=%2Fwp%2Fv2%2Fcomments&post=150"}],"wp:featuredmedia":[{"embeddable":true,"href":"https:\/\/egedogusvitrifiye.com\/index.php?rest_route=\/wp\/v2\/media\/156"}],"wp:attachment":[{"href":"https:\/\/egedogusvitrifiye.com\/index.php?rest_route=%2Fwp%2Fv2%2Fmedia&parent=150"}],"wp:term":[{"taxonomy":"product_cat","embeddable":true,"href":"https:\/\/egedogusvitrifiye.com\/index.php?rest_route=%2Fwp%2Fv2%2Fproduct_cat&post=150"},{"taxonomy":"product_tag","embeddable":true,"href":"https:\/\/egedogusvitrifiye.com\/index.php?rest_route=%2Fwp%2Fv2%2Fproduct_tag&post=150"}],"curies":[{"name":"wp","href":"https:\/\/api.w.org\/{rel}","templated":true}]}}